{"id":187,"date":"2023-11-06T12:49:01","date_gmt":"2023-11-06T11:49:01","guid":{"rendered":"https:\/\/mathildakuentz.fr\/?page_id=187"},"modified":"2024-11-28T22:32:41","modified_gmt":"2024-11-28T21:32:41","slug":"mentions-legales-2","status":"publish","type":"page","link":"https:\/\/mathildakuentz.fr\/index.php\/mentions-legales-2\/","title":{"rendered":"Mentions l\u00e9gales"},"content":{"rendered":"\t\t<div data-elementor-type=\"wp-page\" data-elementor-id=\"187\" class=\"elementor elementor-187\" data-elementor-post-type=\"page\">\n\t\t\t\t\t\t\t<div class=\"elementor-element elementor-element-60a2155 e-flex e-con-boxed e-con e-parent\" data-id=\"60a2155\" data-element_type=\"container\" data-settings=\"{&quot;content_width&quot;:&quot;boxed&quot;}\" data-core-v316-plus=\"true\">\n\t\t\t\t\t<div class=\"e-con-inner\">\n\t\t\t\t<div class=\"elementor-element elementor-element-9823707 elementor-widget elementor-widget-text-editor\" data-id=\"9823707\" data-element_type=\"widget\" data-widget_type=\"text-editor.default\">\n\t\t\t\t<div class=\"elementor-widget-container\">\n\t\t\t<style>\/*! elementor - v3.17.0 - 25-10-2023 *\/\n.elementor-widget-text-editor.elementor-drop-cap-view-stacked .elementor-drop-cap{background-color:#69727d;color:#fff}.elementor-widget-text-editor.elementor-drop-cap-view-framed .elementor-drop-cap{color:#69727d;border:3px solid;background-color:transparent}.elementor-widget-text-editor:not(.elementor-drop-cap-view-default) .elementor-drop-cap{margin-top:8px}.elementor-widget-text-editor:not(.elementor-drop-cap-view-default) .elementor-drop-cap-letter{width:1em;height:1em}.elementor-widget-text-editor .elementor-drop-cap{float:left;text-align:center;line-height:1;font-size:50px}.elementor-widget-text-editor .elementor-drop-cap-letter{display:inline-block}<\/style>\t\t\t\t<p>Entreprise: Mathilda Kuentz EI<\/p><p>Adresse web: mathildakuentz.fr<\/p><p>Siret: 90098703300033<\/p><p>Adresse: 57 route de Saverne 67205 OBERHAUSBERGEN<\/p><p>Mail: mathilda.kuentz.kine@gmail.com<\/p><p>T\u00e9l\u00e9phone: 07 56 92 93 00<\/p><p>H\u00e9bergement: OVHcloud 2 rue Kellermann 59100 ROUBAIX<\/p>\t\t\t\t\t\t<\/div>\n\t\t\t\t<\/div>\n\t\t\t\t\t<\/div>\n\t\t\t\t<\/div>\n\t\t\t\t\t\t\t<\/div>\n\t\t","protected":false},"excerpt":{"rendered":"<p>Entreprise: Mathilda Kuentz EI Adresse web: mathildakuentz.fr Siret: 90098703300033 Adresse: 57 route de Saverne 67205 OBERHAUSBERGEN Mail: mathilda.kuentz.kine@gmail.com T\u00e9l\u00e9phone: 07 56 92 93 00 H\u00e9bergement: OVHcloud 2 rue Kellermann 59100 ROUBAIX<\/p>\n","protected":false},"author":1,"featured_media":0,"parent":0,"menu_order":0,"comment_status":"closed","ping_status":"closed","template":"","meta":{"footnotes":""},"class_list":["post-187","page","type-page","status-publish","hentry","entry"],"_links":{"self":[{"href":"https:\/\/mathildakuentz.fr\/index.php\/wp-json\/wp\/v2\/pages\/187","targetHints":{"allow":["GET"]}}],"collection":[{"href":"https:\/\/mathildakuentz.fr\/index.php\/wp-json\/wp\/v2\/pages"}],"about":[{"href":"https:\/\/mathildakuentz.fr\/index.php\/wp-json\/wp\/v2\/types\/page"}],"author":[{"embeddable":true,"href":"https:\/\/mathildakuentz.fr\/index.php\/wp-json\/wp\/v2\/users\/1"}],"replies":[{"embeddable":true,"href":"https:\/\/mathildakuentz.fr\/index.php\/wp-json\/wp\/v2\/comments?post=187"}],"version-history":[{"count":7,"href":"https:\/\/mathildakuentz.fr\/index.php\/wp-json\/wp\/v2\/pages\/187\/revisions"}],"predecessor-version":[{"id":721,"href":"https:\/\/mathildakuentz.fr\/index.php\/wp-json\/wp\/v2\/pages\/187\/revisions\/721"}],"wp:attachment":[{"href":"https:\/\/mathildakuentz.fr\/index.php\/wp-json\/wp\/v2\/media?parent=187"}],"curies":[{"name":"wp","href":"https:\/\/api.w.org\/{rel}","templated":true}]}}